{"id":51,"date":"2020-07-11T19:43:32","date_gmt":"2020-07-11T17:43:32","guid":{"rendered":"http:\/\/www.xn--tpfelhynen-w5a5z.de\/?page_id=51"},"modified":"2020-07-22T20:34:26","modified_gmt":"2020-07-22T18:34:26","slug":"startseite","status":"publish","type":"page","link":"https:\/\/www.xn--tpfelhynen-w5a5z.de\/","title":{"rendered":"Die Zukunft geh\u00f6rt den T\u00fcpfelhy\u00e4nen"},"content":{"rendered":"\n<p>Wir haben die T\u00fcpfelhy\u00e4nen als unser Wahrzeichen gew\u00e4hlt, weil sie so bunt und anders sind.  Denn auch Experten k\u00f6nnen oft nicht auf den ersten Blick erkennen, ob es sich bei einer Hy\u00e4ne um ein Weibchen oder ein M\u00e4nnchen handelt, weil sich die Geschlechtsteile so \u00e4hnlich sehen. Auch die Rudelstrukturen und das Verhalten unterscheiden sich von dem anderer Tiere, die in Gruppen leben.<\/p>\n\n\n\n<p>Mit diesem Blog m\u00f6chten wir euch die Welt aus einem neuen Blickwinkel zeigen \u2013 geschlechtsneutral und auf Augenh\u00f6he, weil wir den Kampf zwischen Mann und Frau Leid sind. Wir sind alle Menschen und haben unglaublich viele Gemeinsamkeiten, aber es werden vor allem die Unterschiede gesehen, betont und dazu genutzt Menschen gegeneinander auszuspielen. <br>Auf der einen Seite schreiben wir \u00fcber Themen, \u00fcber die viele Menschen sprechen. Auf der anderen Seite bewegen uns Themen, \u00fcber die \u2013 so scheint es zumindest \u2013 niemand spricht. <\/p>\n\n\n\n<p>Beispiel gef\u00e4llig?<\/p>\n\n\n\n<p>Sexismus ist z. B. ein Thema, das derzeit in aller Munde ist \u2013 vor allem durch &#8222;M\u00e4nnerwelten&#8220;, ein Video von Joko und Klaas \u00fcber das, was M\u00e4nner Frauen an sexueller Gewalt antun. Sie zeigen sogenannte Dickpics, die M\u00e4nner \u00fcber soziale Medien an Frauen verschickt haben, und lassen Frauen zu Wort kommen, die sexuelle Gewalt erfahren haben. Dieses Verhalten wurde in den Medien scharf verurteilt. Aber uns kam zu kurz, wie es eigentlich dazu kommt und was in der Gesellschaft passieren m\u00fcsste, um es zu verhindern. <\/p>\n\n\n\n<p>Das ist also ein Thema, \u00fcber das fast jeder spricht, und Ans\u00e4tze von unserer Seite, die wir noch nirgends geh\u00f6rt haben. Mehr dazu findet ihr im Blogbeitrag &#8222;Hy\u00e4nenwelten&#8220;. <\/p>\n","protected":false},"excerpt":{"rendered":"<p>Wir haben die T\u00fcpfelhy\u00e4nen als unser Wahrzeichen gew\u00e4hlt, weil sie so bunt und anders sind. Denn auch Experten k\u00f6nnen oft nicht auf den ersten Blick erkennen, ob es sich bei einer Hy\u00e4ne um ein Weibchen oder ein M\u00e4nnchen handelt, weil sich die Geschlechtsteile so \u00e4hnlich sehen. Auch die Rudelstrukturen und das Verhalten unterscheiden sich von &hellip; <\/p>\n<p class=\"link-more\"><a href=\"https:\/\/www.xn--tpfelhynen-w5a5z.de\/\" class=\"more-link\"><span class=\"screen-reader-text\">\u201eDie Zukunft geh\u00f6rt den T\u00fcpfelhy\u00e4nen\u201c<\/span> weiterlesen<\/a><\/p>\n","protected":false},"author":1,"featured_media":0,"parent":0,"menu_order":0,"comment_status":"closed","ping_status":"closed","template":"","meta":{"footnotes":""},"class_list":["post-51","page","type-page","status-publish","hentry"],"_links":{"self":[{"href":"https:\/\/www.xn--tpfelhynen-w5a5z.de\/index.php?rest_route=\/wp\/v2\/pages\/51","targetHints":{"allow":["GET"]}}],"collection":[{"href":"https:\/\/www.xn--tpfelhynen-w5a5z.de\/index.php?rest_route=\/wp\/v2\/pages"}],"about":[{"href":"https:\/\/www.xn--tpfelhynen-w5a5z.de\/index.php?rest_route=\/wp\/v2\/types\/page"}],"author":[{"embeddable":true,"href":"https:\/\/www.xn--tpfelhynen-w5a5z.de\/index.php?rest_route=\/wp\/v2\/users\/1"}],"replies":[{"embeddable":true,"href":"https:\/\/www.xn--tpfelhynen-w5a5z.de\/index.php?rest_route=%2Fwp%2Fv2%2Fcomments&post=51"}],"version-history":[{"count":3,"href":"https:\/\/www.xn--tpfelhynen-w5a5z.de\/index.php?rest_route=\/wp\/v2\/pages\/51\/revisions"}],"predecessor-version":[{"id":98,"href":"https:\/\/www.xn--tpfelhynen-w5a5z.de\/index.php?rest_route=\/wp\/v2\/pages\/51\/revisions\/98"}],"wp:attachment":[{"href":"https:\/\/www.xn--tpfelhynen-w5a5z.de\/index.php?rest_route=%2Fwp%2Fv2%2Fmedia&parent=51"}],"curies":[{"name":"wp","href":"https:\/\/api.w.org\/{rel}","templated":true}]}}